{"id":351,"date":"2019-04-03T17:10:30","date_gmt":"2019-04-03T15:10:30","guid":{"rendered":"http:\/\/www.lacdura.fr\/?page_id=351"},"modified":"2019-05-09T16:00:05","modified_gmt":"2019-05-09T14:00:05","slug":"exemple-reel-dune-analyse-sur-une-date-de-naissance","status":"publish","type":"page","link":"https:\/\/www.lacdura.fr\/?page_id=351","title":{"rendered":"Exemple r\u00e9el : Analyse sur une date de naissance"},"content":{"rendered":"\n<p><strong>Voici ce que vous pourriez recevoir, vous aussi,  si vous commandez une analyse li\u00e9e \u00e0 votre date de naissance :<\/strong><\/p>\n\n\n\n<div class=\"wp-block-image\"><figure class=\"aligncenter is-resized\"><img loading=\"lazy\" decoding=\"async\" src=\"http:\/\/www.lacdura.fr\/wp-content\/uploads\/2019\/05\/AnalyseDateNaissanceFrancois-434x1024.jpg\" alt=\"\" class=\"wp-image-564\" width=\"201\" height=\"476\" srcset=\"https:\/\/www.lacdura.fr\/wp-content\/uploads\/2019\/05\/AnalyseDateNaissanceFrancois-127x300.jpg 127w, https:\/\/www.lacdura.fr\/wp-content\/uploads\/2019\/05\/AnalyseDateNaissanceFrancois-370x874.jpg 370w, https:\/\/www.lacdura.fr\/wp-content\/uploads\/2019\/05\/AnalyseDateNaissanceFrancois.jpg 500w\" sizes=\"(max-width: 201px) 100vw, 201px\" \/><\/figure><\/div>\n\n\n\n<h1 class=\"wp-block-heading\">Analyse&nbsp;: <\/h1>\n\n\n\n<p>Fran\u00e7ois nous montre l\u2019image d\u2019une\npersonne amicale, simple, naturelle c&#8217;est-\u00e0-dire sans far ni masque. Il se\nmontre tel qu\u2019il est sans complexe. On ressent Fran\u00e7ois comme \u00e9tant une\npersonne g\u00e9n\u00e9reuse et romantique. Il aime les choses simples de la vie.<\/p>\n\n\n\n<p>Il a besoin de savoir o\u00f9 il va, o\u00f9\nil peut aller. Il ressent en lui le besoin de prendre en main sa destin\u00e9e. Pour\ncela, il peut utiliser son c\u00f4t\u00e9 imaginatif. Sa polyvalence lui permet de\ns\u2019exprimer dans plusieurs domaines afin de se chercher, de trouver sa voie. Son\nesprit d\u2019aventure et sa spontan\u00e9it\u00e9 peuvent l\u2019amener \u00e0 tenter sa chance\nailleurs. Il r\u00eave peut-\u00eatre de voyage qui lui procurerait des changements\nb\u00e9n\u00e9fiques. Il sait poser les bonnes questions au moment opportun et il sait\nchercher et entendre les r\u00e9ponses. Il sait s\u2019interroger d\u2019une mani\u00e8re cr\u00e9ative,\nson esprit est ouvert.<\/p>\n\n\n\n<p>Dans le monde actuel, Fran\u00e7ois aime\nrassembler autour de lui, il n\u2019h\u00e9site pas \u00e0 exp\u00e9rimenter les choix qui se\npr\u00e9sentent \u00e0 lui. Il aime s\u00e9duire. Tout comme sa polyvalence l\u2019invite \u00e0 pouvoir\nfaire plusieurs choses, il est appel\u00e9 \u00e0 pouvoir faire des choix. Sans doute,\nper\u00e7oit-il ce besoin de devoir faire des choix entre plusieurs chemins\npossibles ?<\/p>\n\n\n\n<p>N\u2019est-il pas criant de voir que\nsa mission sur terre est celle-l\u00e0 m\u00eame qui l\u2019am\u00e8ne \u00e0 se cr\u00e9er des opportunit\u00e9s\nde rencontres, de choix possibles ? Il va rechercher la dualit\u00e9, la multiplicit\u00e9.\nIl va faire preuve d\u2019aspiration pour rassembler autour de lui et donc chercher\nl\u2019harmonie. Il saura faire preuve de diplomatie. Il va chercher \u00e0 partager avec\nceux qu\u2019il aime ce qu\u2019il aime. S\u2019il doit faire des choix, il le fera avec le\nc\u0153ur.<\/p>\n\n\n\n<p>Il n\u2019est pas facile de vouloir\nrassembler autour de soi, de souhaiter l\u2019harmonie et d\u2019essayer \u00e0 \u00eatre diplomate\nalors que l\u2019on r\u00eave d\u2019aventure pour tenter sa chance ailleurs et tourner la\nroue de son destin dans le sens que l\u2019on souhaite&nbsp;! Peut-\u00eatre faut-il\nl\u00e2cher prise&nbsp;? Voir la vie diff\u00e9remment&nbsp;? Certes, la g\u00e9n\u00e9rosit\u00e9 est\ntoujours pr\u00e9sente en lui, tout comme le sens du service. Il aime plaire en\nrendant service, ce qui rassemble autour de lui. Encore faut-il qu\u2019il ne soit\npas uniquement aim\u00e9 parce qu\u2019il est serviable ! Mais vraiment pour ce qu\u2019il\nest&nbsp;!<\/p>\n\n\n\n<p>Fran\u00e7ois poss\u00e8de cette facult\u00e9 de\npuiser en lui l\u2019intelligence n\u00e9cessaire pour analyser son intuition. Il sait\nprendre le temps de la r\u00e9flexion. Il est capable de profondeur d\u2019esprit et\nd\u2019\u00eatre philosophe quand il le faut. Il sait aussi \u00eatre psychologue lorsque\nc\u2019est n\u00e9cessaire. Il a la capacit\u00e9 de m\u00e9diter avant d\u2019agir.<\/p>\n\n\n\n<p>Cependant, il est donc ais\u00e9 de\nvoir ce qui peut \u00eatre n\u00e9gatif en lui&nbsp;: des difficult\u00e9s \u00e0 prendre les\nd\u00e9cisions qui s\u2019imposent. Et m\u00eame, pourrait-on exploiter cette faiblesse pour\nd\u00e9cider \u00e0 sa place&nbsp;? Cela peut engendrer en lui de la col\u00e8re, de la\nduret\u00e9. Il peut m\u00eame s\u2019imposer une tyrannie alors qu\u2019il laisse faire ce dont il\nn\u2019a pas envie\u2026 Il pourrait devenir intransigeant envers lui-m\u00eame\u2026 Cela peut\nvenir d\u2019un manque d\u2019une r\u00e9f\u00e9rence virile et bienveillante dans sa jeunesse. Le\nmanque d\u2019une pr\u00e9sence masculine physique bienveillante.<\/p>\n\n\n\n<p>Pas \u00e9tonnant de voir aussi que ce\nqui va lui faire d\u00e9faut habituellement est l\u2019inverse de ces qualit\u00e9s\u2026 il peut\nse replier sur lui, devenir solitaire et renferm\u00e9. Le climat de non-action peut\ns\u2019installer. Il peut en devenir triste, introverti et trop lent dans ce qu\u2019il d\u00e9sire\nentreprendre. Peut-\u00eatre que le p\u00e8re de Fran\u00e7ois n\u2019a pas su le guider dans une\ndirection qui donne du sens \u00e0 sa vie\u2026&nbsp;? Du coup, il peut se lancer aussi\ndans des entreprises malheureuses et se heurter parfois violemment \u00e0 des\nobstacles, sources d\u2019\u00e9chec et de repli. Il en voit des signes partout qui\npeuvent alimenter une certaine n\u00e9vrose. Il peut se sentir impuissant aussi et\nressentir des peurs. Se cr\u00e9er des choix est une chose, mais cela am\u00e8ne \u00e0 des\ndoutes et donc \u00e0 les exp\u00e9rimenter pour en sortir. L\u2019exp\u00e9rimentation peut amener\nFran\u00e7ois \u00e0 parcourir des chemins compliqu\u00e9s \u00e0 vivre&nbsp;!<\/p>\n\n\n\n<p>Pour cette ann\u00e9e, le Tarot, de\npar sa date de naissance, l\u2019invite \u00e0 revoir ses plans, \u00e0 revoir ses id\u00e9es, \u00e0\nr\u00e9fl\u00e9chir et \u00e0 comprendre la situation dans laquelle il se trouve. Se plonger\ndans ses id\u00e9es afin d\u2019agir en \u00e9tant avis\u00e9, agir avec intelligence. Cette\ncompr\u00e9hension par la r\u00e9flexion sur ses pens\u00e9es peut l\u2019amener \u00e0 d\u00e9finir des\nprojets qui correspondent \u00e0 son \u00eatre.<\/p>\n\n\n\n<p>Il n\u2019est pas \u00e9tonnant de voir que\nFran\u00e7ois souhaite tourner la page de mani\u00e8re d\u00e9finitive et radicale pour aller\nvers autre chose. En lui, il souhaite r\u00e9colter les fruits de la moisson, pour\ncommencer autre chose. Il a envie de trancher pour transformer ce qui doit\nl\u2019\u00eatre. Une fa\u00e7on de faire le tri dans sa vie, de vieilles manies, de vieilles\nid\u00e9es&nbsp;?<\/p>\n\n\n\n<h1 class=\"wp-block-heading\">Conclusion&nbsp;:<\/h1>\n\n\n\n<p>Fran\u00e7ois est un \u00eatre bon et g\u00e9n\u00e9reux, amical, simple et accueillant. Il\nsait \u00eatre romantique. Il aime le naturel. Ce faisant, il aime \u00eatre entour\u00e9,\ns\u00e9duire et plaire. Il d\u00e9sire l\u2019harmonie. Il aime faire plusieurs choses et avoir\nplusieurs choix possibles. Il a l\u2019esprit aventureux, voyageur. Il est\npolyvalent et inventif. Il se lie ais\u00e9ment, c\u2019est une personne altruiste et\naimante. Il aime rendre service et c\u2019est ce qui plait en lui. Cependant, il\ndoit se m\u00e9fier et ne pas attirer \u00e0 lui les autres que par les services qu\u2019il\nrend, mais bien pour ce qu&#8217;il est. Ses forces deviennent ses faiblesses. Lui\nqui sait prendre le temps de la r\u00e9flexion peut devenir renferm\u00e9 et triste, car\nil semble qu\u2019il ne peut en r\u00e9alit\u00e9 s\u2019affirmer et prendre les d\u00e9cisions pour\nasseoir son autorit\u00e9 et mettre en place les choses comme il l\u2019entend. Du coup,\nil peut en devenir tyrannique pour lui-m\u00eame alors qu\u2019on prend des d\u00e9cisions\npour lui\u2026 Peut-\u00eatre un manque de courage pour prendre les d\u00e9cisions qui pourraient\nd\u00e9sunir ceux qui sont autour de lui&nbsp;? Mais est-ce une bonne\nd\u00e9cision&nbsp;? Il se soumet pour ne pas blesser l\u2019autre. Il en devient\nesclave. Alors il se replie sur lui-m\u00eame. Le Tarot lui conseille cette ann\u00e9e de\nrevenir sur ses pens\u00e9es et de s\u2019analyser. C&#8217;est-\u00e0-dire d\u2019utiliser son\nintelligence pour comprendre et d\u00e9finir ce qui est bon pour lui. Mais aussi\nd\u2019exprimer ses pens\u00e9es pour qu\u2019elles soient bien claires. Car l\u2019on voit bien\nson d\u00e9sir le plus profond&nbsp;: prendre de grandes d\u00e9cisions de mani\u00e8re\n\u00e9clair\u00e9e pour aller vers une transformation b\u00e9n\u00e9fique de son \u00eatre et \u00eatre enfin\nlibre des anciennes mani\u00e8res de penser, enfin libre des liens qui le retiennent\net l\u2019emp\u00eachent d\u2019aller de l\u2019avant&nbsp;!<\/p>\n","protected":false},"excerpt":{"rendered":"<p>Voici ce que vous pourriez recevoir, vous aussi, si vous commandez une analyse li\u00e9e \u00e0 votre date de naissance : Analyse&nbsp;: Fran\u00e7ois nous montre l\u2019image d\u2019une personne amicale, simple, naturelle c&#8217;est-\u00e0-dire sans far ni masque. Il se montre tel qu\u2019il est sans complexe. On ressent Fran\u00e7ois comme \u00e9tant une personne<\/p>\n","protected":false},"author":1,"featured_media":0,"parent":0,"menu_order":10,"comment_status":"closed","ping_status":"closed","template":"","meta":{"footnotes":""},"class_list":["post-351","page","type-page","status-publish","hentry"],"_links":{"self":[{"href":"https:\/\/www.lacdura.fr\/index.php?rest_route=\/wp\/v2\/pages\/351"}],"collection":[{"href":"https:\/\/www.lacdura.fr\/index.php?rest_route=\/wp\/v2\/pages"}],"about":[{"href":"https:\/\/www.lacdura.fr\/index.php?rest_route=\/wp\/v2\/types\/page"}],"author":[{"embeddable":true,"href":"https:\/\/www.lacdura.fr\/index.php?rest_route=\/wp\/v2\/users\/1"}],"replies":[{"embeddable":true,"href":"https:\/\/www.lacdura.fr\/index.php?rest_route=%2Fwp%2Fv2%2Fcomments&post=351"}],"version-history":[{"count":13,"href":"https:\/\/www.lacdura.fr\/index.php?rest_route=\/wp\/v2\/pages\/351\/revisions"}],"predecessor-version":[{"id":565,"href":"https:\/\/www.lacdura.fr\/index.php?rest_route=\/wp\/v2\/pages\/351\/revisions\/565"}],"wp:attachment":[{"href":"https:\/\/www.lacdura.fr\/index.php?rest_route=%2Fwp%2Fv2%2Fmedia&parent=351"}],"curies":[{"name":"wp","href":"https:\/\/api.w.org\/{rel}","templated":true}]}}