{"id":37,"date":"2019-03-04T17:19:17","date_gmt":"2019-03-04T16:19:17","guid":{"rendered":"http:\/\/lacdura.fr\/?page_id=37"},"modified":"2020-09-06T19:29:29","modified_gmt":"2020-09-06T17:29:29","slug":"charte-morale-et-professionnelle","status":"publish","type":"page","link":"https:\/\/www.lacdura.fr\/?page_id=37","title":{"rendered":"D\u00e9ontologie"},"content":{"rendered":"\n<p><strong>En tant que tarologue professionnel, je m&#8217;engage :<\/strong><\/p>\n\n\n\n<ul class=\"wp-block-list\"><li>Au secret professionnel,<\/li><li>\u00c0 informer avec bienveillance ses consultants et \u00e0 r\u00e9pondre en toute honn\u00eatet\u00e9 \u00e0 toute question sauf sur la mort et la sant\u00e9 et sur de tierces personnes,<\/li><li>\u00c0 communiquer sur&nbsp;:<ul><li>Le &nbsp;champ d&#8217;application et des limites des arts divinatoires<\/li><li>La dur\u00e9e approximative de la consultation,<\/li><li>Mes honoraires sur mon site et sur le lieu de consultation (chez moi ou chez le consultant). Les tarifs sont fixes,<\/li><li>Les modes de paiement autoris\u00e9s,<\/li><\/ul><\/li><li>\u00c0 ne recevoir aucun mineur en consultation, sauf en pr\u00e9sence d&#8217;un parent, et s&#8217;il a plus de seize ans,<\/li><li> \u00c0 analyser les tirages fait en ma pr\u00e9sence,<\/li><li>\u00c0 n&#8217;utiliser aucune man\u0153uvre frauduleuse de nature \u00e0 induire en erreur le consultant,<\/li><li>\u00c0 ne tromper ou n&#8217;abuser aucune personne non avertie ou en situation de faiblesse,<\/li><li>\u00c0 respecter le temps n\u00e9cessaire pour la consultation et les honoraires pr\u00e9alablement annonc\u00e9s,<\/li><li>\u00c0 fournir une obligation de moyens (lieu et mat\u00e9riel pour la bonne r\u00e9alisation du tirage et de l\u2019analyse) et non une obligation de r\u00e9sultat (affirmer que le consultant gagnera \u00e0 la loterie par exemple),<\/li><li> \u00c0 ne proposer aucune voyance ou travail occulte, je ne m&#8217;emploie qu&#8217;\u00e0 traduire ce que disent les cartes sans faire intervenir mes convictions personnelles,<\/li><li> \u00c0 effectuer une lecture des cartes du Tarot de Marseille sans influence externe ou du consultant lui-m\u00eame.<\/li><\/ul>\n\n\n\n<div class=\"wp-block-image\"><figure class=\"aligncenter\"><img loading=\"lazy\" decoding=\"async\" width=\"250\" height=\"408\" src=\"http:\/\/www.lacdura.fr\/wp-content\/uploads\/2020\/09\/05-LePapeNew-e1599413349399.jpg\" alt=\"\" class=\"wp-image-768\"\/><\/figure><\/div>\n","protected":false},"excerpt":{"rendered":"<p>En tant que tarologue professionnel, je m&#8217;engage : Au secret professionnel, \u00c0 informer avec bienveillance ses consultants et \u00e0 r\u00e9pondre en toute honn\u00eatet\u00e9 \u00e0 toute question sauf sur la mort et la sant\u00e9 et sur de tierces personnes, \u00c0 communiquer sur&nbsp;: Le &nbsp;champ d&#8217;application et des limites des arts divinatoires<\/p>\n","protected":false},"author":1,"featured_media":0,"parent":0,"menu_order":3,"comment_status":"closed","ping_status":"closed","template":"","meta":{"footnotes":""},"class_list":["post-37","page","type-page","status-publish","hentry"],"_links":{"self":[{"href":"https:\/\/www.lacdura.fr\/index.php?rest_route=\/wp\/v2\/pages\/37"}],"collection":[{"href":"https:\/\/www.lacdura.fr\/index.php?rest_route=\/wp\/v2\/pages"}],"about":[{"href":"https:\/\/www.lacdura.fr\/index.php?rest_route=\/wp\/v2\/types\/page"}],"author":[{"embeddable":true,"href":"https:\/\/www.lacdura.fr\/index.php?rest_route=\/wp\/v2\/users\/1"}],"replies":[{"embeddable":true,"href":"https:\/\/www.lacdura.fr\/index.php?rest_route=%2Fwp%2Fv2%2Fcomments&post=37"}],"version-history":[{"count":10,"href":"https:\/\/www.lacdura.fr\/index.php?rest_route=\/wp\/v2\/pages\/37\/revisions"}],"predecessor-version":[{"id":769,"href":"https:\/\/www.lacdura.fr\/index.php?rest_route=\/wp\/v2\/pages\/37\/revisions\/769"}],"wp:attachment":[{"href":"https:\/\/www.lacdura.fr\/index.php?rest_route=%2Fwp%2Fv2%2Fmedia&parent=37"}],"curies":[{"name":"wp","href":"https:\/\/api.w.org\/{rel}","templated":true}]}}