{"id":670,"date":"2019-08-08T13:19:16","date_gmt":"2019-08-08T11:19:16","guid":{"rendered":"http:\/\/www.lacdura.fr\/?page_id=670"},"modified":"2019-08-08T13:40:04","modified_gmt":"2019-08-08T11:40:04","slug":"temoignages","status":"publish","type":"page","link":"https:\/\/www.lacdura.fr\/?page_id=670","title":{"rendered":"T\u00e9moignages"},"content":{"rendered":"\n<p>Je livre ici, tel quel, certains t\u00e9moignages qui m&#8217;ont \u00e9t\u00e9 envoy\u00e9s : <\/p>\n\n\n\n<p> <br><strong>Nathalie LL  :<\/strong> Tr\u00e8s belle consultation avec vous. Je vous remercie infiniment de votre ouverture d&#8217;esprit. Tr\u00e8s bon Tarologue avec des pr\u00e9dictions exactes. De tr\u00e8s bons conseils et une solide \u00e9thique. Je le recommande.<br><\/p>\n\n\n\n<p><strong>H\u00e9l\u00e8ne : <\/strong>Il n&#8217;est pas n\u00e9cessaire d&#8217;aller mal pour se tourner vers un besoin de pr\u00e9diction, mais aussi se faire aider ; s&#8217;apporter un soutien et des solutions \u00e0 ses interrogations. Faire le point pour se lancer sur un nouveau chemin en tenant compte de son pass\u00e9, de son pr\u00e9sent et pour autant se projeter dans l&#8217;avenir avec r\u00e9flexion, remise en question et c&#8217;est en cela que j&#8217;ai trouv\u00e9 des r\u00e9ponses aupr\u00e8s de ce tarologue qui a su voir dans divers tirages ma personnalit\u00e9, ma probl\u00e9matique.<br>Se sont toujours les cartes qui parlent et S\u00e9bastien les interpr\u00e8te avec une facult\u00e9 et une psychologie d\u00e9terminante.<br>Les r\u00e9v\u00e9lations moins agr\u00e9ables sont toujours dites avec d\u00e9licatesse et empathie ; mais n\u00e9anmoins dites quand m\u00eame afin que ce que chaque carte soient analys\u00e9es avec sa meilleure r\u00e9flexion.<br>Un tarologue que je remercie et que je recommande.<br><\/p>\n\n\n\n<p> <strong>Ang\u00e9lique L :<\/strong> Un heureux hasard et une belle rencontre avec S\u00e9bastien. Son professionnalisme m&#8217; a beaucoup impressionn\u00e9 . Ces pr\u00e9dictions m&#8217;ont beaucoup aid\u00e9s dans la suite de mon parcours. Son suivi est s\u00e9rieux et ses visions sont \u00e9tonnantes et justes.je le recommande vivement. <br><\/p>\n","protected":false},"excerpt":{"rendered":"<p>Je livre ici, tel quel, certains t\u00e9moignages qui m&#8217;ont \u00e9t\u00e9 envoy\u00e9s : Nathalie LL : Tr\u00e8s belle consultation avec vous. Je vous remercie infiniment de votre ouverture d&#8217;esprit. Tr\u00e8s bon Tarologue avec des pr\u00e9dictions exactes. De tr\u00e8s bons conseils et une solide \u00e9thique. Je le recommande. H\u00e9l\u00e8ne : Il n&#8217;est<\/p>\n","protected":false},"author":1,"featured_media":0,"parent":0,"menu_order":0,"comment_status":"closed","ping_status":"closed","template":"","meta":{"footnotes":""},"class_list":["post-670","page","type-page","status-publish","hentry"],"_links":{"self":[{"href":"https:\/\/www.lacdura.fr\/index.php?rest_route=\/wp\/v2\/pages\/670"}],"collection":[{"href":"https:\/\/www.lacdura.fr\/index.php?rest_route=\/wp\/v2\/pages"}],"about":[{"href":"https:\/\/www.lacdura.fr\/index.php?rest_route=\/wp\/v2\/types\/page"}],"author":[{"embeddable":true,"href":"https:\/\/www.lacdura.fr\/index.php?rest_route=\/wp\/v2\/users\/1"}],"replies":[{"embeddable":true,"href":"https:\/\/www.lacdura.fr\/index.php?rest_route=%2Fwp%2Fv2%2Fcomments&post=670"}],"version-history":[{"count":5,"href":"https:\/\/www.lacdura.fr\/index.php?rest_route=\/wp\/v2\/pages\/670\/revisions"}],"predecessor-version":[{"id":676,"href":"https:\/\/www.lacdura.fr\/index.php?rest_route=\/wp\/v2\/pages\/670\/revisions\/676"}],"wp:attachment":[{"href":"https:\/\/www.lacdura.fr\/index.php?rest_route=%2Fwp%2Fv2%2Fmedia&parent=670"}],"curies":[{"name":"wp","href":"https:\/\/api.w.org\/{rel}","templated":true}]}}